{"id":1161,"date":"2024-03-01T17:56:28","date_gmt":"2024-03-01T17:56:28","guid":{"rendered":"http:\/\/geoffroyrenard.com\/?page_id=1161"},"modified":"2024-03-02T12:00:44","modified_gmt":"2024-03-02T12:00:44","slug":"eneko-blog","status":"publish","type":"page","link":"https:\/\/geoffroyrenard.com\/en\/blog-eneko\/","title":{"rendered":"Eneko Blog"},"content":{"rendered":"<div class=\"row align-center\"  id=\"row-1194991901\">\n\n\t<div id=\"col-147531146\" class=\"col small-12 large-12\"  >\n\t\t\t\t<div class=\"col-inner\"  >\n\t\t\t\n\t\t\t\n\n  \n    <div class=\"row eneko large-columns-3 medium-columns-1 small-columns-1 has-shadow row-box-shadow-2\" >\n  <div class=\"col post-item\" >\n\t\t\t<div class=\"col-inner\">\n\t\t\t\t<div class=\"box box-default box-text-bottom box-blog-post has-hover\">\n            \t\t\t\t\t<div class=\"box-image\" >\n  \t\t\t\t\t\t<div class=\"image-cover\" style=\"padding-top:120%;\">\n\t\t\t\t\t\t\t<a href=\"https:\/\/geoffroyrenard.com\/en\/exploration-iconographique\/\" class=\"plain\" aria-label=\"EXPLORATION ICONOGRAPHIQUE\">\n\t\t\t\t\t\t\t\t<img loading=\"lazy\" decoding=\"async\" width=\"768\" height=\"1075\" src=\"https:\/\/geoffroyrenard.com\/wp-content\/uploads\/2024\/05\/recherche-photo-768x1075.jpg\" class=\"attachment-medium_large size-medium_large wp-post-image\" alt=\"Recherche Photo\" srcset=\"https:\/\/geoffroyrenard.com\/wp-content\/uploads\/2024\/05\/recherche-photo-768x1075.jpg 768w, https:\/\/geoffroyrenard.com\/wp-content\/uploads\/2024\/05\/recherche-photo-321x450.jpg 321w, https:\/\/geoffroyrenard.com\/wp-content\/uploads\/2024\/05\/recherche-photo-731x1024.jpg 731w, https:\/\/geoffroyrenard.com\/wp-content\/uploads\/2024\/05\/recherche-photo-9x12.jpg 9w, https:\/\/geoffroyrenard.com\/wp-content\/uploads\/2024\/05\/recherche-photo.jpg 945w\" sizes=\"auto, (max-width: 768px) 100vw, 768px\" \/>\t\t\t\t\t\t\t<\/a>\n  \t\t\t\t\t\t\t  \t\t\t\t\t\t\t  \t\t\t\t\t\t<\/div>\n  \t\t\t\t\t\t  \t\t\t\t\t<\/div>\n          \t\t\t\t\t<div class=\"box-text text-center\" style=\"padding:20px 20px 20px 20px;\">\n\t\t\t\t\t<div class=\"box-text-inner blog-post-inner\">\n\n\t\t\t\t\t\n\t\t\t\t\t\t\t\t\t\t<h5 class=\"post-title is-larger \">\n\t\t\t\t\t\t<a href=\"https:\/\/geoffroyrenard.com\/en\/exploration-iconographique\/\" class=\"plain\">EXPLORATION ICONOGRAPHIQUE<\/a>\n\t\t\t\t\t<\/h5>\n\t\t\t\t\t\t\t\t\t\t<div class=\"is-divider\"><\/div>\n\t\t\t\t\t\t\t\t\t\t<p class=\"from_the_blog_excerpt \">\n\t\t\t\t\t\t&nbsp; Exploration Iconographique : \u00c0 la Recherche des Tr\u00e9sors Visuels du Pass\u00e9 &nbsp; Dans ma d\u00e9marche artistique, je m&rsquo;engage dans une exploration minutieuse et constante \u00e0 la [...]\t\t\t\t\t<\/p>\n\t\t\t\t\t                    \n\t\t\t\t\t\t\t\t\t\t\t<a href=\"https:\/\/geoffroyrenard.com\/en\/exploration-iconographique\/\" class=\"button primary is-outline is-small mb-0\">\n\t\t\t\t\t\t\tContinuer la lecture\t\t\t\t\t\t<\/a>\n\t\t\t\t\t\n\t\t\t\t\t\n\t\t\t\t\t<\/div>\n\t\t\t\t\t<\/div>\n\t\t\t\t\t\t\t\t\t<\/div>\n\t\t\t<\/div>\n\t\t<\/div><div class=\"col post-item\" >\n\t\t\t<div class=\"col-inner\">\n\t\t\t\t<div class=\"box box-default box-text-bottom box-blog-post has-hover\">\n            \t\t\t\t\t<div class=\"box-image\" >\n  \t\t\t\t\t\t<div class=\"image-cover\" style=\"padding-top:120%;\">\n\t\t\t\t\t\t\t<a href=\"https:\/\/geoffroyrenard.com\/en\/val\/\" class=\"plain\" aria-label=\"VAL D&rsquo;ISERE\">\n\t\t\t\t\t\t\t\t<img loading=\"lazy\" decoding=\"async\" width=\"768\" height=\"1075\" src=\"https:\/\/geoffroyrenard.com\/wp-content\/uploads\/2024\/02\/Val-disere-image-v2-768x1075.jpg\" class=\"attachment-medium_large size-medium_large wp-post-image\" alt=\"Val D&#039;isere Image V2\" srcset=\"https:\/\/geoffroyrenard.com\/wp-content\/uploads\/2024\/02\/Val-disere-image-v2-768x1075.jpg 768w, https:\/\/geoffroyrenard.com\/wp-content\/uploads\/2024\/02\/Val-disere-image-v2-321x450.jpg 321w, https:\/\/geoffroyrenard.com\/wp-content\/uploads\/2024\/02\/Val-disere-image-v2-731x1024.jpg 731w, https:\/\/geoffroyrenard.com\/wp-content\/uploads\/2024\/02\/Val-disere-image-v2-9x12.jpg 9w, https:\/\/geoffroyrenard.com\/wp-content\/uploads\/2024\/02\/Val-disere-image-v2.jpg 945w\" sizes=\"auto, (max-width: 768px) 100vw, 768px\" \/>\t\t\t\t\t\t\t<\/a>\n  \t\t\t\t\t\t\t  \t\t\t\t\t\t\t  \t\t\t\t\t\t<\/div>\n  \t\t\t\t\t\t  \t\t\t\t\t<\/div>\n          \t\t\t\t\t<div class=\"box-text text-center\" style=\"padding:20px 20px 20px 20px;\">\n\t\t\t\t\t<div class=\"box-text-inner blog-post-inner\">\n\n\t\t\t\t\t\n\t\t\t\t\t\t\t\t\t\t<h5 class=\"post-title is-larger \">\n\t\t\t\t\t\t<a href=\"https:\/\/geoffroyrenard.com\/en\/val\/\" class=\"plain\">VAL D&rsquo;ISERE<\/a>\n\t\t\t\t\t<\/h5>\n\t\t\t\t\t\t\t\t\t\t<div class=\"is-divider\"><\/div>\n\t\t\t\t\t\t\t\t\t\t<p class=\"from_the_blog_excerpt \">\n\t\t\t\t\t\t&nbsp; Planche de style d&rsquo;une r\u00e9flexion graphique &nbsp; L&rsquo;affiche \u00ab\u00a0Val d&rsquo;Is\u00e8re, \u00e9toile des altitudes\u00a0\u00bb ne se contente pas d&rsquo;\u00eatre une simple repr\u00e9sentation pittoresque de la station de [...]\t\t\t\t\t<\/p>\n\t\t\t\t\t                    \n\t\t\t\t\t\t\t\t\t\t\t<a href=\"https:\/\/geoffroyrenard.com\/en\/val\/\" class=\"button primary is-outline is-small mb-0\">\n\t\t\t\t\t\t\tContinuer la lecture\t\t\t\t\t\t<\/a>\n\t\t\t\t\t\n\t\t\t\t\t\n\t\t\t\t\t<\/div>\n\t\t\t\t\t<\/div>\n\t\t\t\t\t\t\t\t\t<\/div>\n\t\t\t<\/div>\n\t\t<\/div><\/div>\n\t\t<\/div>\n\t\t\t\t\n<style>\n#col-147531146 > .col-inner {\n  padding: 40px 0px 0px 0px;\n}\n<\/style>\n\t<\/div>\n\n\t\n<\/div>\n","protected":false},"excerpt":{"rendered":"","protected":false},"author":1,"featured_media":0,"parent":0,"menu_order":0,"comment_status":"closed","ping_status":"closed","template":"","meta":{"_acf_changed":false,"footnotes":""},"class_list":["post-1161","page","type-page","status-publish","hentry"],"acf":[],"yoast_head":"<!-- This site is optimized with the Yoast SEO plugin v27.5 - https:\/\/yoast.com\/product\/yoast-seo-wordpress\/ -->\n<title>Blog Eneko - Geoffroy Renard<\/title>\n<meta name=\"robots\" content=\"index, follow, max-snippet:-1, max-image-preview:large, max-video-preview:-1\" \/>\n<link rel=\"canonical\" href=\"https:\/\/geoffroyrenard.com\/en\/eneko-blog\/\" \/>\n<meta property=\"og:locale\" content=\"en_GB\" \/>\n<meta property=\"og:type\" content=\"article\" \/>\n<meta property=\"og:title\" content=\"Blog Eneko - Geoffroy Renard\" \/>\n<meta property=\"og:url\" content=\"https:\/\/geoffroyrenard.com\/en\/eneko-blog\/\" \/>\n<meta property=\"og:site_name\" content=\"Geoffroy Renard\" \/>\n<meta property=\"article:publisher\" content=\"https:\/\/www.facebook.com\/Geoffroy.Renard.2017\" \/>\n<meta property=\"article:modified_time\" content=\"2024-03-02T12:00:44+00:00\" \/>\n<meta name=\"twitter:card\" content=\"summary_large_image\" \/>\n<meta name=\"twitter:site\" content=\"@geoffroy_renard\" \/>\n<script type=\"application\/ld+json\" class=\"yoast-schema-graph\">{\"@context\":\"https:\\\/\\\/schema.org\",\"@graph\":[{\"@type\":\"WebPage\",\"@id\":\"https:\\\/\\\/geoffroyrenard.com\\\/blog-eneko\\\/\",\"url\":\"https:\\\/\\\/geoffroyrenard.com\\\/blog-eneko\\\/\",\"name\":\"Blog Eneko - Geoffroy Renard\",\"isPartOf\":{\"@id\":\"https:\\\/\\\/geoffroyrenard.com\\\/#website\"},\"datePublished\":\"2024-03-01T17:56:28+00:00\",\"dateModified\":\"2024-03-02T12:00:44+00:00\",\"breadcrumb\":{\"@id\":\"https:\\\/\\\/geoffroyrenard.com\\\/blog-eneko\\\/#breadcrumb\"},\"inLanguage\":\"en-GB\",\"potentialAction\":[{\"@type\":\"ReadAction\",\"target\":[\"https:\\\/\\\/geoffroyrenard.com\\\/blog-eneko\\\/\"]}]},{\"@type\":\"BreadcrumbList\",\"@id\":\"https:\\\/\\\/geoffroyrenard.com\\\/blog-eneko\\\/#breadcrumb\",\"itemListElement\":[{\"@type\":\"ListItem\",\"position\":1,\"name\":\"Accueil\",\"item\":\"https:\\\/\\\/geoffroyrenard.com\\\/\"},{\"@type\":\"ListItem\",\"position\":2,\"name\":\"Blog Eneko\"}]},{\"@type\":\"WebSite\",\"@id\":\"https:\\\/\\\/geoffroyrenard.com\\\/#website\",\"url\":\"https:\\\/\\\/geoffroyrenard.com\\\/\",\"name\":\"Geoffroy Renard\",\"description\":\"Le charme des \u00e9poques pass\u00e9es aux lignes graphiques contemporaines\",\"publisher\":{\"@id\":\"https:\\\/\\\/geoffroyrenard.com\\\/#organization\"},\"potentialAction\":[{\"@type\":\"SearchAction\",\"target\":{\"@type\":\"EntryPoint\",\"urlTemplate\":\"https:\\\/\\\/geoffroyrenard.com\\\/?s={search_term_string}\"},\"query-input\":{\"@type\":\"PropertyValueSpecification\",\"valueRequired\":true,\"valueName\":\"search_term_string\"}}],\"inLanguage\":\"en-GB\"},{\"@type\":\"Organization\",\"@id\":\"https:\\\/\\\/geoffroyrenard.com\\\/#organization\",\"name\":\"Geoffroy Renard\",\"url\":\"https:\\\/\\\/geoffroyrenard.com\\\/\",\"logo\":{\"@type\":\"ImageObject\",\"inLanguage\":\"en-GB\",\"@id\":\"https:\\\/\\\/geoffroyrenard.com\\\/#\\\/schema\\\/logo\\\/image\\\/\",\"url\":\"http:\\\/\\\/geoffroyrenard.com\\\/wp-content\\\/uploads\\\/2024\\\/01\\\/renard-logo.svg\",\"contentUrl\":\"http:\\\/\\\/geoffroyrenard.com\\\/wp-content\\\/uploads\\\/2024\\\/01\\\/renard-logo.svg\",\"width\":1,\"height\":1,\"caption\":\"Geoffroy Renard\"},\"image\":{\"@id\":\"https:\\\/\\\/geoffroyrenard.com\\\/#\\\/schema\\\/logo\\\/image\\\/\"},\"sameAs\":[\"https:\\\/\\\/www.facebook.com\\\/Geoffroy.Renard.2017\",\"https:\\\/\\\/x.com\\\/geoffroy_renard\",\"https:\\\/\\\/www.instagram.com\\\/geoffroy_renard\\\/\",\"https:\\\/\\\/www.pinterest.fr\\\/geoffroy_renard\\\/\",\"https:\\\/\\\/www.linkedin.com\\\/in\\\/geoffroy-renard-35752980\\\/\"]}]}<\/script>\n<!-- \/ Yoast SEO plugin. -->","yoast_head_json":{"title":"Eneko Blog - Geoffroy Renard","robots":{"index":"index","follow":"follow","max-snippet":"max-snippet:-1","max-image-preview":"max-image-preview:large","max-video-preview":"max-video-preview:-1"},"canonical":"https:\/\/geoffroyrenard.com\/en\/eneko-blog\/","og_locale":"en_GB","og_type":"article","og_title":"Blog Eneko - Geoffroy Renard","og_url":"https:\/\/geoffroyrenard.com\/en\/eneko-blog\/","og_site_name":"Geoffroy Renard","article_publisher":"https:\/\/www.facebook.com\/Geoffroy.Renard.2017","article_modified_time":"2024-03-02T12:00:44+00:00","twitter_card":"summary_large_image","twitter_site":"@geoffroy_renard","schema":{"@context":"https:\/\/schema.org","@graph":[{"@type":"WebPage","@id":"https:\/\/geoffroyrenard.com\/blog-eneko\/","url":"https:\/\/geoffroyrenard.com\/blog-eneko\/","name":"Eneko Blog - Geoffroy Renard","isPartOf":{"@id":"https:\/\/geoffroyrenard.com\/#website"},"datePublished":"2024-03-01T17:56:28+00:00","dateModified":"2024-03-02T12:00:44+00:00","breadcrumb":{"@id":"https:\/\/geoffroyrenard.com\/blog-eneko\/#breadcrumb"},"inLanguage":"en-GB","potentialAction":[{"@type":"ReadAction","target":["https:\/\/geoffroyrenard.com\/blog-eneko\/"]}]},{"@type":"BreadcrumbList","@id":"https:\/\/geoffroyrenard.com\/blog-eneko\/#breadcrumb","itemListElement":[{"@type":"ListItem","position":1,"name":"Accueil","item":"https:\/\/geoffroyrenard.com\/"},{"@type":"ListItem","position":2,"name":"Blog Eneko"}]},{"@type":"WebSite","@id":"https:\/\/geoffroyrenard.com\/#website","url":"https:\/\/geoffroyrenard.com\/","name":"Geoffroy Renard","description":"The charm of past eras with contemporary graphic lines","publisher":{"@id":"https:\/\/geoffroyrenard.com\/#organization"},"potentialAction":[{"@type":"SearchAction","target":{"@type":"EntryPoint","urlTemplate":"https:\/\/geoffroyrenard.com\/?s={search_term_string}"},"query-input":{"@type":"PropertyValueSpecification","valueRequired":true,"valueName":"search_term_string"}}],"inLanguage":"en-GB"},{"@type":"Organization","@id":"https:\/\/geoffroyrenard.com\/#organization","name":"Geoffroy Renard","url":"https:\/\/geoffroyrenard.com\/","logo":{"@type":"ImageObject","inLanguage":"en-GB","@id":"https:\/\/geoffroyrenard.com\/#\/schema\/logo\/image\/","url":"http:\/\/geoffroyrenard.com\/wp-content\/uploads\/2024\/01\/renard-logo.svg","contentUrl":"http:\/\/geoffroyrenard.com\/wp-content\/uploads\/2024\/01\/renard-logo.svg","width":1,"height":1,"caption":"Geoffroy Renard"},"image":{"@id":"https:\/\/geoffroyrenard.com\/#\/schema\/logo\/image\/"},"sameAs":["https:\/\/www.facebook.com\/Geoffroy.Renard.2017","https:\/\/x.com\/geoffroy_renard","https:\/\/www.instagram.com\/geoffroy_renard\/","https:\/\/www.pinterest.fr\/geoffroy_renard\/","https:\/\/www.linkedin.com\/in\/geoffroy-renard-35752980\/"]}]}},"_links":{"self":[{"href":"https:\/\/geoffroyrenard.com\/en\/wp-json\/wp\/v2\/pages\/1161","targetHints":{"allow":["GET"]}}],"collection":[{"href":"https:\/\/geoffroyrenard.com\/en\/wp-json\/wp\/v2\/pages"}],"about":[{"href":"https:\/\/geoffroyrenard.com\/en\/wp-json\/wp\/v2\/types\/page"}],"author":[{"embeddable":true,"href":"https:\/\/geoffroyrenard.com\/en\/wp-json\/wp\/v2\/users\/1"}],"replies":[{"embeddable":true,"href":"https:\/\/geoffroyrenard.com\/en\/wp-json\/wp\/v2\/comments?post=1161"}],"version-history":[{"count":6,"href":"https:\/\/geoffroyrenard.com\/en\/wp-json\/wp\/v2\/pages\/1161\/revisions"}],"predecessor-version":[{"id":1170,"href":"https:\/\/geoffroyrenard.com\/en\/wp-json\/wp\/v2\/pages\/1161\/revisions\/1170"}],"wp:attachment":[{"href":"https:\/\/geoffroyrenard.com\/en\/wp-json\/wp\/v2\/media?parent=1161"}],"curies":[{"name":"wp","href":"https:\/\/api.w.org\/{rel}","templated":true}]}}