{"id":1242,"date":"2024-03-22T16:55:33","date_gmt":"2024-03-22T16:55:33","guid":{"rendered":"http:\/\/geoffroyrenard.com\/?post_type=product&#038;p=1242"},"modified":"2025-02-26T17:39:32","modified_gmt":"2025-02-26T17:39:32","slug":"passion-polo","status":"publish","type":"product","link":"https:\/\/geoffroyrenard.com\/en\/product\/polo-passion\/","title":{"rendered":"POLO PASSION"},"content":{"rendered":"<p>In a flamboyant burst of color and vivacity, this original work invites you to a breathtaking spectacle, plunging spectators into the heart of the fiery passion of Polo Passion in Chantilly, a memorable experience anchored in regional equestrian history.<\/p>\n<p>At the heart of this exhilarating celebration, explore the very quintessence of polo in all its magnificence. Expert riders, majestic mounts and an electrifying atmosphere combine to offer a captivating spectacle, where each gesture is a harmonious dance between the rider and his equestrian companion.<\/p>","protected":false},"excerpt":{"rendered":"<p>Dans un \u00e9clat flamboyant de couleurs et de vivacit\u00e9, cette \u0153uvre originale vous convie \u00e0 un spectacle \u00e9poustouflant, plongeant les spectateurs au c\u0153ur de la passion enflamm\u00e9e du Polo Passion \u00e0 Chantilly, une exp\u00e9rience m\u00e9morable ancr\u00e9e dans l&rsquo;histoire \u00e9questre r\u00e9gionale. Au c\u0153ur de cette c\u00e9l\u00e9bration exaltante, explorez la quintessence m\u00eame du polo dans toute sa [&#8230;]\n","protected":false},"featured_media":1232,"template":"","meta":{"_acf_changed":false},"product_brand":[],"product_cat":[15],"product_tag":[],"class_list":{"0":"post-1242","1":"product","2":"type-product","3":"status-publish","4":"has-post-thumbnail","6":"product_cat-artwork","8":"first","9":"instock","10":"taxable","11":"shipping-taxable","12":"purchasable","13":"product-type-variable","14":"has-default-attributes"},"acf":[],"yoast_head":"<!-- This site is optimized with the Yoast SEO plugin v27.5 - https:\/\/yoast.com\/product\/yoast-seo-wordpress\/ -->\n<title>POLO PASSION - Geoffroy Renard<\/title>\n<meta name=\"robots\" content=\"index, follow, max-snippet:-1, max-image-preview:large, max-video-preview:-1\" \/>\n<link rel=\"canonical\" href=\"https:\/\/geoffroyrenard.com\/en\/product\/passion-polo\/\" \/>\n<meta property=\"og:locale\" content=\"en_GB\" \/>\n<meta property=\"og:type\" content=\"article\" \/>\n<meta property=\"og:title\" content=\"POLO PASSION - Geoffroy Renard\" \/>\n<meta property=\"og:description\" content=\"Dans un \u00e9clat flamboyant de couleurs et de vivacit\u00e9, cette \u0153uvre originale vous convie \u00e0 un spectacle \u00e9poustouflant, plongeant les spectateurs au c\u0153ur de la passion enflamm\u00e9e du Polo Passion \u00e0 Chantilly, une exp\u00e9rience m\u00e9morable ancr\u00e9e dans l&rsquo;histoire \u00e9questre r\u00e9gionale. Au c\u0153ur de cette c\u00e9l\u00e9bration exaltante, explorez la quintessence m\u00eame du polo dans toute sa [...]\" \/>\n<meta property=\"og:url\" content=\"https:\/\/geoffroyrenard.com\/en\/product\/passion-polo\/\" \/>\n<meta property=\"og:site_name\" content=\"Geoffroy Renard\" \/>\n<meta property=\"article:publisher\" content=\"https:\/\/www.facebook.com\/Geoffroy.Renard.2017\" \/>\n<meta property=\"article:modified_time\" content=\"2025-02-26T17:39:32+00:00\" \/>\n<meta property=\"og:image\" content=\"https:\/\/geoffroyrenard.com\/wp-content\/uploads\/2024\/02\/IMAGE-POLO-PASSION-02.jpg\" \/>\n\t<meta property=\"og:image:width\" content=\"1440\" \/>\n\t<meta property=\"og:image:height\" content=\"1440\" \/>\n\t<meta property=\"og:image:type\" content=\"image\/jpeg\" \/>\n<meta name=\"twitter:card\" content=\"summary_large_image\" \/>\n<meta name=\"twitter:site\" content=\"@geoffroy_renard\" \/>\n<meta name=\"twitter:label1\" content=\"Estimated reading time\" \/>\n\t<meta name=\"twitter:data1\" content=\"1 minute\" \/>\n<script type=\"application\/ld+json\" class=\"yoast-schema-graph\">{\"@context\":\"https:\\\/\\\/schema.org\",\"@graph\":[{\"@type\":\"WebPage\",\"@id\":\"https:\\\/\\\/geoffroyrenard.com\\\/product\\\/polo-passion\\\/\",\"url\":\"https:\\\/\\\/geoffroyrenard.com\\\/product\\\/polo-passion\\\/\",\"name\":\"POLO PASSION - Geoffroy Renard\",\"isPartOf\":{\"@id\":\"https:\\\/\\\/geoffroyrenard.com\\\/#website\"},\"primaryImageOfPage\":{\"@id\":\"https:\\\/\\\/geoffroyrenard.com\\\/product\\\/polo-passion\\\/#primaryimage\"},\"image\":{\"@id\":\"https:\\\/\\\/geoffroyrenard.com\\\/product\\\/polo-passion\\\/#primaryimage\"},\"thumbnailUrl\":\"https:\\\/\\\/geoffroyrenard.com\\\/wp-content\\\/uploads\\\/2024\\\/02\\\/IMAGE-POLO-PASSION-02.jpg\",\"datePublished\":\"2024-03-22T16:55:33+00:00\",\"dateModified\":\"2025-02-26T17:39:32+00:00\",\"breadcrumb\":{\"@id\":\"https:\\\/\\\/geoffroyrenard.com\\\/product\\\/polo-passion\\\/#breadcrumb\"},\"inLanguage\":\"en-GB\",\"potentialAction\":[{\"@type\":\"ReadAction\",\"target\":[\"https:\\\/\\\/geoffroyrenard.com\\\/product\\\/polo-passion\\\/\"]}]},{\"@type\":\"ImageObject\",\"inLanguage\":\"en-GB\",\"@id\":\"https:\\\/\\\/geoffroyrenard.com\\\/product\\\/polo-passion\\\/#primaryimage\",\"url\":\"https:\\\/\\\/geoffroyrenard.com\\\/wp-content\\\/uploads\\\/2024\\\/02\\\/IMAGE-POLO-PASSION-02.jpg\",\"contentUrl\":\"https:\\\/\\\/geoffroyrenard.com\\\/wp-content\\\/uploads\\\/2024\\\/02\\\/IMAGE-POLO-PASSION-02.jpg\",\"width\":1440,\"height\":1440,\"caption\":\"Image Polo Passion 02\"},{\"@type\":\"BreadcrumbList\",\"@id\":\"https:\\\/\\\/geoffroyrenard.com\\\/product\\\/polo-passion\\\/#breadcrumb\",\"itemListElement\":[{\"@type\":\"ListItem\",\"position\":1,\"name\":\"Accueil\",\"item\":\"https:\\\/\\\/geoffroyrenard.com\\\/\"},{\"@type\":\"ListItem\",\"position\":2,\"name\":\"Shop\",\"item\":\"https:\\\/\\\/geoffroyrenard.com\\\/shop\\\/\"},{\"@type\":\"ListItem\",\"position\":3,\"name\":\"POLO PASSION\"}]},{\"@type\":\"WebSite\",\"@id\":\"https:\\\/\\\/geoffroyrenard.com\\\/#website\",\"url\":\"https:\\\/\\\/geoffroyrenard.com\\\/\",\"name\":\"Geoffroy Renard\",\"description\":\"Le charme des \u00e9poques pass\u00e9es aux lignes graphiques contemporaines\",\"publisher\":{\"@id\":\"https:\\\/\\\/geoffroyrenard.com\\\/#organization\"},\"potentialAction\":[{\"@type\":\"SearchAction\",\"target\":{\"@type\":\"EntryPoint\",\"urlTemplate\":\"https:\\\/\\\/geoffroyrenard.com\\\/?s={search_term_string}\"},\"query-input\":{\"@type\":\"PropertyValueSpecification\",\"valueRequired\":true,\"valueName\":\"search_term_string\"}}],\"inLanguage\":\"en-GB\"},{\"@type\":\"Organization\",\"@id\":\"https:\\\/\\\/geoffroyrenard.com\\\/#organization\",\"name\":\"Geoffroy Renard\",\"url\":\"https:\\\/\\\/geoffroyrenard.com\\\/\",\"logo\":{\"@type\":\"ImageObject\",\"inLanguage\":\"en-GB\",\"@id\":\"https:\\\/\\\/geoffroyrenard.com\\\/#\\\/schema\\\/logo\\\/image\\\/\",\"url\":\"http:\\\/\\\/geoffroyrenard.com\\\/wp-content\\\/uploads\\\/2024\\\/01\\\/renard-logo.svg\",\"contentUrl\":\"http:\\\/\\\/geoffroyrenard.com\\\/wp-content\\\/uploads\\\/2024\\\/01\\\/renard-logo.svg\",\"width\":1,\"height\":1,\"caption\":\"Geoffroy Renard\"},\"image\":{\"@id\":\"https:\\\/\\\/geoffroyrenard.com\\\/#\\\/schema\\\/logo\\\/image\\\/\"},\"sameAs\":[\"https:\\\/\\\/www.facebook.com\\\/Geoffroy.Renard.2017\",\"https:\\\/\\\/x.com\\\/geoffroy_renard\",\"https:\\\/\\\/www.instagram.com\\\/geoffroy_renard\\\/\",\"https:\\\/\\\/www.pinterest.fr\\\/geoffroy_renard\\\/\",\"https:\\\/\\\/www.linkedin.com\\\/in\\\/geoffroy-renard-35752980\\\/\"]}]}<\/script>\n<!-- \/ Yoast SEO plugin. -->","yoast_head_json":{"title":"POLO PASSION - Geoffroy Renard","robots":{"index":"index","follow":"follow","max-snippet":"max-snippet:-1","max-image-preview":"max-image-preview:large","max-video-preview":"max-video-preview:-1"},"canonical":"https:\/\/geoffroyrenard.com\/en\/product\/passion-polo\/","og_locale":"en_GB","og_type":"article","og_title":"POLO PASSION - Geoffroy Renard","og_description":"Dans un \u00e9clat flamboyant de couleurs et de vivacit\u00e9, cette \u0153uvre originale vous convie \u00e0 un spectacle \u00e9poustouflant, plongeant les spectateurs au c\u0153ur de la passion enflamm\u00e9e du Polo Passion \u00e0 Chantilly, une exp\u00e9rience m\u00e9morable ancr\u00e9e dans l&rsquo;histoire \u00e9questre r\u00e9gionale. Au c\u0153ur de cette c\u00e9l\u00e9bration exaltante, explorez la quintessence m\u00eame du polo dans toute sa [...]","og_url":"https:\/\/geoffroyrenard.com\/en\/product\/passion-polo\/","og_site_name":"Geoffroy Renard","article_publisher":"https:\/\/www.facebook.com\/Geoffroy.Renard.2017","article_modified_time":"2025-02-26T17:39:32+00:00","og_image":[{"width":1440,"height":1440,"url":"https:\/\/geoffroyrenard.com\/wp-content\/uploads\/2024\/02\/IMAGE-POLO-PASSION-02.jpg","type":"image\/jpeg"}],"twitter_card":"summary_large_image","twitter_site":"@geoffroy_renard","twitter_misc":{"Estimated reading time":"1 minute"},"schema":{"@context":"https:\/\/schema.org","@graph":[{"@type":"WebPage","@id":"https:\/\/geoffroyrenard.com\/product\/polo-passion\/","url":"https:\/\/geoffroyrenard.com\/product\/polo-passion\/","name":"POLO PASSION - Geoffroy Renard","isPartOf":{"@id":"https:\/\/geoffroyrenard.com\/#website"},"primaryImageOfPage":{"@id":"https:\/\/geoffroyrenard.com\/product\/polo-passion\/#primaryimage"},"image":{"@id":"https:\/\/geoffroyrenard.com\/product\/polo-passion\/#primaryimage"},"thumbnailUrl":"https:\/\/geoffroyrenard.com\/wp-content\/uploads\/2024\/02\/IMAGE-POLO-PASSION-02.jpg","datePublished":"2024-03-22T16:55:33+00:00","dateModified":"2025-02-26T17:39:32+00:00","breadcrumb":{"@id":"https:\/\/geoffroyrenard.com\/product\/polo-passion\/#breadcrumb"},"inLanguage":"en-GB","potentialAction":[{"@type":"ReadAction","target":["https:\/\/geoffroyrenard.com\/product\/polo-passion\/"]}]},{"@type":"ImageObject","inLanguage":"en-GB","@id":"https:\/\/geoffroyrenard.com\/product\/polo-passion\/#primaryimage","url":"https:\/\/geoffroyrenard.com\/wp-content\/uploads\/2024\/02\/IMAGE-POLO-PASSION-02.jpg","contentUrl":"https:\/\/geoffroyrenard.com\/wp-content\/uploads\/2024\/02\/IMAGE-POLO-PASSION-02.jpg","width":1440,"height":1440,"caption":"Image Polo Passion 02"},{"@type":"BreadcrumbList","@id":"https:\/\/geoffroyrenard.com\/product\/polo-passion\/#breadcrumb","itemListElement":[{"@type":"ListItem","position":1,"name":"Accueil","item":"https:\/\/geoffroyrenard.com\/"},{"@type":"ListItem","position":2,"name":"Shop","item":"https:\/\/geoffroyrenard.com\/shop\/"},{"@type":"ListItem","position":3,"name":"POLO PASSION"}]},{"@type":"WebSite","@id":"https:\/\/geoffroyrenard.com\/#website","url":"https:\/\/geoffroyrenard.com\/","name":"Geoffroy Renard","description":"The charm of past eras with contemporary graphic lines","publisher":{"@id":"https:\/\/geoffroyrenard.com\/#organization"},"potentialAction":[{"@type":"SearchAction","target":{"@type":"EntryPoint","urlTemplate":"https:\/\/geoffroyrenard.com\/?s={search_term_string}"},"query-input":{"@type":"PropertyValueSpecification","valueRequired":true,"valueName":"search_term_string"}}],"inLanguage":"en-GB"},{"@type":"Organization","@id":"https:\/\/geoffroyrenard.com\/#organization","name":"Geoffroy Renard","url":"https:\/\/geoffroyrenard.com\/","logo":{"@type":"ImageObject","inLanguage":"en-GB","@id":"https:\/\/geoffroyrenard.com\/#\/schema\/logo\/image\/","url":"http:\/\/geoffroyrenard.com\/wp-content\/uploads\/2024\/01\/renard-logo.svg","contentUrl":"http:\/\/geoffroyrenard.com\/wp-content\/uploads\/2024\/01\/renard-logo.svg","width":1,"height":1,"caption":"Geoffroy Renard"},"image":{"@id":"https:\/\/geoffroyrenard.com\/#\/schema\/logo\/image\/"},"sameAs":["https:\/\/www.facebook.com\/Geoffroy.Renard.2017","https:\/\/x.com\/geoffroy_renard","https:\/\/www.instagram.com\/geoffroy_renard\/","https:\/\/www.pinterest.fr\/geoffroy_renard\/","https:\/\/www.linkedin.com\/in\/geoffroy-renard-35752980\/"]}]}},"_links":{"self":[{"href":"https:\/\/geoffroyrenard.com\/en\/wp-json\/wp\/v2\/product\/1242","targetHints":{"allow":["GET"]}}],"collection":[{"href":"https:\/\/geoffroyrenard.com\/en\/wp-json\/wp\/v2\/product"}],"about":[{"href":"https:\/\/geoffroyrenard.com\/en\/wp-json\/wp\/v2\/types\/product"}],"wp:featuredmedia":[{"embeddable":true,"href":"https:\/\/geoffroyrenard.com\/en\/wp-json\/wp\/v2\/media\/1232"}],"wp:attachment":[{"href":"https:\/\/geoffroyrenard.com\/en\/wp-json\/wp\/v2\/media?parent=1242"}],"wp:term":[{"taxonomy":"product_brand","embeddable":true,"href":"https:\/\/geoffroyrenard.com\/en\/wp-json\/wp\/v2\/product_brand?post=1242"},{"taxonomy":"product_cat","embeddable":true,"href":"https:\/\/geoffroyrenard.com\/en\/wp-json\/wp\/v2\/product_cat?post=1242"},{"taxonomy":"product_tag","embeddable":true,"href":"https:\/\/geoffroyrenard.com\/en\/wp-json\/wp\/v2\/product_tag?post=1242"}],"curies":[{"name":"wp","href":"https:\/\/api.w.org\/{rel}","templated":true}]}}