{"id":2002,"date":"2024-12-11T21:25:31","date_gmt":"2024-12-11T21:25:31","guid":{"rendered":"http:\/\/geoffroyrenard.com\/?post_type=product&#038;p=2002"},"modified":"2025-02-26T17:30:23","modified_gmt":"2025-02-26T17:30:23","slug":"boulevard-st-germain-3","status":"publish","type":"product","link":"https:\/\/geoffroyrenard.com\/en\/product\/le-jardin-des-tuileries\/","title":{"rendered":"THE TUILERIES GARDEN"},"content":{"rendered":"<p>This poster, entitled \u201cGourmet Escape in the Heart of Paris,\u201d offers a contemporary interpretation of the famous painting by \u00c9douard Manet.<\/p>\n<p>It depicts an elegant Parisian woman enjoying a refined picnic in the heart of the Tuileries Gardens, merging the charm of the Belle \u00c9poque with contemporary modernity. This composition evokes the sensuality and refinement of yesteryear, while celebrating an art of living throughout the ages.<\/p>\n<p>Thus, the image captures a timeless scene, frozen between yesterday and today, reflecting the gentleness and elegance of Parisian life.<\/p>","protected":false},"excerpt":{"rendered":"<p>Cette affiche, intitul\u00e9e \u00ab\u00a0\u00c9vasion Gourmande au coeur de Paris\u00a0\u00bb, propose une interpr\u00e9tation contemporaine du c\u00e9l\u00e8bre tableau d&rsquo;\u00c9douard Manet. Elle d\u00e9peint une \u00e9l\u00e9gante Parisienne profitant d&rsquo;un pique-nique raffin\u00e9 au c\u0153ur du Jardin des Tuileries, fusionnant le charme de la Belle \u00c9poque avec la modernit\u00e9 actuelle. Cette composition \u00e9voque la sensualit\u00e9 et le raffinement d&rsquo;antan, tout en [&#8230;]\n","protected":false},"featured_media":1972,"template":"","meta":{"_acf_changed":false},"product_brand":[],"product_cat":[15],"product_tag":[],"class_list":{"0":"post-2002","1":"product","2":"type-product","3":"status-publish","4":"has-post-thumbnail","6":"product_cat-artwork","8":"first","9":"instock","10":"taxable","11":"shipping-taxable","12":"purchasable","13":"product-type-variable","14":"has-default-attributes"},"acf":[],"yoast_head":"<!-- This site is optimized with the Yoast SEO plugin v27.5 - https:\/\/yoast.com\/product\/yoast-seo-wordpress\/ -->\n<title>LE JARDIN DES TUILERIES - Geoffroy Renard<\/title>\n<meta name=\"robots\" content=\"index, follow, max-snippet:-1, max-image-preview:large, max-video-preview:-1\" \/>\n<link rel=\"canonical\" href=\"https:\/\/geoffroyrenard.com\/en\/product\/boulevard-st-germain-3\/\" \/>\n<meta property=\"og:locale\" content=\"en_GB\" \/>\n<meta property=\"og:type\" content=\"article\" \/>\n<meta property=\"og:title\" content=\"LE JARDIN DES TUILERIES - Geoffroy Renard\" \/>\n<meta property=\"og:description\" content=\"Cette affiche, intitul\u00e9e \u00ab\u00a0\u00c9vasion Gourmande au coeur de Paris\u00a0\u00bb, propose une interpr\u00e9tation contemporaine du c\u00e9l\u00e8bre tableau d&rsquo;\u00c9douard Manet. Elle d\u00e9peint une \u00e9l\u00e9gante Parisienne profitant d&rsquo;un pique-nique raffin\u00e9 au c\u0153ur du Jardin des Tuileries, fusionnant le charme de la Belle \u00c9poque avec la modernit\u00e9 actuelle. Cette composition \u00e9voque la sensualit\u00e9 et le raffinement d&rsquo;antan, tout en [...]\" \/>\n<meta property=\"og:url\" content=\"https:\/\/geoffroyrenard.com\/en\/product\/boulevard-st-germain-3\/\" \/>\n<meta property=\"og:site_name\" content=\"Geoffroy Renard\" \/>\n<meta property=\"article:publisher\" content=\"https:\/\/www.facebook.com\/Geoffroy.Renard.2017\" \/>\n<meta property=\"article:modified_time\" content=\"2025-02-26T17:30:23+00:00\" \/>\n<meta property=\"og:image\" content=\"https:\/\/geoffroyrenard.com\/wp-content\/uploads\/2024\/12\/Tuilerie-14.jpg\" \/>\n\t<meta property=\"og:image:width\" content=\"1440\" \/>\n\t<meta property=\"og:image:height\" content=\"1440\" \/>\n\t<meta property=\"og:image:type\" content=\"image\/jpeg\" \/>\n<meta name=\"twitter:card\" content=\"summary_large_image\" \/>\n<meta name=\"twitter:site\" content=\"@geoffroy_renard\" \/>\n<meta name=\"twitter:label1\" content=\"Estimated reading time\" \/>\n\t<meta name=\"twitter:data1\" content=\"1 minute\" \/>\n<script type=\"application\/ld+json\" class=\"yoast-schema-graph\">{\"@context\":\"https:\\\/\\\/schema.org\",\"@graph\":[{\"@type\":\"WebPage\",\"@id\":\"https:\\\/\\\/geoffroyrenard.com\\\/product\\\/le-jardin-des-tuileries\\\/\",\"url\":\"https:\\\/\\\/geoffroyrenard.com\\\/product\\\/le-jardin-des-tuileries\\\/\",\"name\":\"LE JARDIN DES TUILERIES - Geoffroy Renard\",\"isPartOf\":{\"@id\":\"https:\\\/\\\/geoffroyrenard.com\\\/#website\"},\"primaryImageOfPage\":{\"@id\":\"https:\\\/\\\/geoffroyrenard.com\\\/product\\\/le-jardin-des-tuileries\\\/#primaryimage\"},\"image\":{\"@id\":\"https:\\\/\\\/geoffroyrenard.com\\\/product\\\/le-jardin-des-tuileries\\\/#primaryimage\"},\"thumbnailUrl\":\"https:\\\/\\\/geoffroyrenard.com\\\/wp-content\\\/uploads\\\/2024\\\/12\\\/Tuilerie-14.jpg\",\"datePublished\":\"2024-12-11T21:25:31+00:00\",\"dateModified\":\"2025-02-26T17:30:23+00:00\",\"breadcrumb\":{\"@id\":\"https:\\\/\\\/geoffroyrenard.com\\\/product\\\/le-jardin-des-tuileries\\\/#breadcrumb\"},\"inLanguage\":\"en-GB\",\"potentialAction\":[{\"@type\":\"ReadAction\",\"target\":[\"https:\\\/\\\/geoffroyrenard.com\\\/product\\\/le-jardin-des-tuileries\\\/\"]}]},{\"@type\":\"ImageObject\",\"inLanguage\":\"en-GB\",\"@id\":\"https:\\\/\\\/geoffroyrenard.com\\\/product\\\/le-jardin-des-tuileries\\\/#primaryimage\",\"url\":\"https:\\\/\\\/geoffroyrenard.com\\\/wp-content\\\/uploads\\\/2024\\\/12\\\/Tuilerie-14.jpg\",\"contentUrl\":\"https:\\\/\\\/geoffroyrenard.com\\\/wp-content\\\/uploads\\\/2024\\\/12\\\/Tuilerie-14.jpg\",\"width\":1440,\"height\":1440,\"caption\":\"Tuilerie 14\"},{\"@type\":\"BreadcrumbList\",\"@id\":\"https:\\\/\\\/geoffroyrenard.com\\\/product\\\/le-jardin-des-tuileries\\\/#breadcrumb\",\"itemListElement\":[{\"@type\":\"ListItem\",\"position\":1,\"name\":\"Accueil\",\"item\":\"https:\\\/\\\/geoffroyrenard.com\\\/\"},{\"@type\":\"ListItem\",\"position\":2,\"name\":\"Shop\",\"item\":\"https:\\\/\\\/geoffroyrenard.com\\\/shop\\\/\"},{\"@type\":\"ListItem\",\"position\":3,\"name\":\"LE JARDIN DES TUILERIES\"}]},{\"@type\":\"WebSite\",\"@id\":\"https:\\\/\\\/geoffroyrenard.com\\\/#website\",\"url\":\"https:\\\/\\\/geoffroyrenard.com\\\/\",\"name\":\"Geoffroy Renard\",\"description\":\"Le charme des \u00e9poques pass\u00e9es aux lignes graphiques contemporaines\",\"publisher\":{\"@id\":\"https:\\\/\\\/geoffroyrenard.com\\\/#organization\"},\"potentialAction\":[{\"@type\":\"SearchAction\",\"target\":{\"@type\":\"EntryPoint\",\"urlTemplate\":\"https:\\\/\\\/geoffroyrenard.com\\\/?s={search_term_string}\"},\"query-input\":{\"@type\":\"PropertyValueSpecification\",\"valueRequired\":true,\"valueName\":\"search_term_string\"}}],\"inLanguage\":\"en-GB\"},{\"@type\":\"Organization\",\"@id\":\"https:\\\/\\\/geoffroyrenard.com\\\/#organization\",\"name\":\"Geoffroy Renard\",\"url\":\"https:\\\/\\\/geoffroyrenard.com\\\/\",\"logo\":{\"@type\":\"ImageObject\",\"inLanguage\":\"en-GB\",\"@id\":\"https:\\\/\\\/geoffroyrenard.com\\\/#\\\/schema\\\/logo\\\/image\\\/\",\"url\":\"http:\\\/\\\/geoffroyrenard.com\\\/wp-content\\\/uploads\\\/2024\\\/01\\\/renard-logo.svg\",\"contentUrl\":\"http:\\\/\\\/geoffroyrenard.com\\\/wp-content\\\/uploads\\\/2024\\\/01\\\/renard-logo.svg\",\"width\":1,\"height\":1,\"caption\":\"Geoffroy Renard\"},\"image\":{\"@id\":\"https:\\\/\\\/geoffroyrenard.com\\\/#\\\/schema\\\/logo\\\/image\\\/\"},\"sameAs\":[\"https:\\\/\\\/www.facebook.com\\\/Geoffroy.Renard.2017\",\"https:\\\/\\\/x.com\\\/geoffroy_renard\",\"https:\\\/\\\/www.instagram.com\\\/geoffroy_renard\\\/\",\"https:\\\/\\\/www.pinterest.fr\\\/geoffroy_renard\\\/\",\"https:\\\/\\\/www.linkedin.com\\\/in\\\/geoffroy-renard-35752980\\\/\"]}]}<\/script>\n<!-- \/ Yoast SEO plugin. -->","yoast_head_json":{"title":"THE TUILERIES GARDEN - Geoffroy Renard","robots":{"index":"index","follow":"follow","max-snippet":"max-snippet:-1","max-image-preview":"max-image-preview:large","max-video-preview":"max-video-preview:-1"},"canonical":"https:\/\/geoffroyrenard.com\/en\/product\/boulevard-st-germain-3\/","og_locale":"en_GB","og_type":"article","og_title":"LE JARDIN DES TUILERIES - Geoffroy Renard","og_description":"Cette affiche, intitul\u00e9e \u00ab\u00a0\u00c9vasion Gourmande au coeur de Paris\u00a0\u00bb, propose une interpr\u00e9tation contemporaine du c\u00e9l\u00e8bre tableau d&rsquo;\u00c9douard Manet. Elle d\u00e9peint une \u00e9l\u00e9gante Parisienne profitant d&rsquo;un pique-nique raffin\u00e9 au c\u0153ur du Jardin des Tuileries, fusionnant le charme de la Belle \u00c9poque avec la modernit\u00e9 actuelle. Cette composition \u00e9voque la sensualit\u00e9 et le raffinement d&rsquo;antan, tout en [...]","og_url":"https:\/\/geoffroyrenard.com\/en\/product\/boulevard-st-germain-3\/","og_site_name":"Geoffroy Renard","article_publisher":"https:\/\/www.facebook.com\/Geoffroy.Renard.2017","article_modified_time":"2025-02-26T17:30:23+00:00","og_image":[{"width":1440,"height":1440,"url":"https:\/\/geoffroyrenard.com\/wp-content\/uploads\/2024\/12\/Tuilerie-14.jpg","type":"image\/jpeg"}],"twitter_card":"summary_large_image","twitter_site":"@geoffroy_renard","twitter_misc":{"Estimated reading time":"1 minute"},"schema":{"@context":"https:\/\/schema.org","@graph":[{"@type":"WebPage","@id":"https:\/\/geoffroyrenard.com\/product\/le-jardin-des-tuileries\/","url":"https:\/\/geoffroyrenard.com\/product\/le-jardin-des-tuileries\/","name":"THE TUILERIES GARDEN - Geoffroy Renard","isPartOf":{"@id":"https:\/\/geoffroyrenard.com\/#website"},"primaryImageOfPage":{"@id":"https:\/\/geoffroyrenard.com\/product\/le-jardin-des-tuileries\/#primaryimage"},"image":{"@id":"https:\/\/geoffroyrenard.com\/product\/le-jardin-des-tuileries\/#primaryimage"},"thumbnailUrl":"https:\/\/geoffroyrenard.com\/wp-content\/uploads\/2024\/12\/Tuilerie-14.jpg","datePublished":"2024-12-11T21:25:31+00:00","dateModified":"2025-02-26T17:30:23+00:00","breadcrumb":{"@id":"https:\/\/geoffroyrenard.com\/product\/le-jardin-des-tuileries\/#breadcrumb"},"inLanguage":"en-GB","potentialAction":[{"@type":"ReadAction","target":["https:\/\/geoffroyrenard.com\/product\/le-jardin-des-tuileries\/"]}]},{"@type":"ImageObject","inLanguage":"en-GB","@id":"https:\/\/geoffroyrenard.com\/product\/le-jardin-des-tuileries\/#primaryimage","url":"https:\/\/geoffroyrenard.com\/wp-content\/uploads\/2024\/12\/Tuilerie-14.jpg","contentUrl":"https:\/\/geoffroyrenard.com\/wp-content\/uploads\/2024\/12\/Tuilerie-14.jpg","width":1440,"height":1440,"caption":"Tuilerie 14"},{"@type":"BreadcrumbList","@id":"https:\/\/geoffroyrenard.com\/product\/le-jardin-des-tuileries\/#breadcrumb","itemListElement":[{"@type":"ListItem","position":1,"name":"Accueil","item":"https:\/\/geoffroyrenard.com\/"},{"@type":"ListItem","position":2,"name":"Shop","item":"https:\/\/geoffroyrenard.com\/shop\/"},{"@type":"ListItem","position":3,"name":"LE JARDIN DES TUILERIES"}]},{"@type":"WebSite","@id":"https:\/\/geoffroyrenard.com\/#website","url":"https:\/\/geoffroyrenard.com\/","name":"Geoffroy Renard","description":"The charm of past eras with contemporary graphic lines","publisher":{"@id":"https:\/\/geoffroyrenard.com\/#organization"},"potentialAction":[{"@type":"SearchAction","target":{"@type":"EntryPoint","urlTemplate":"https:\/\/geoffroyrenard.com\/?s={search_term_string}"},"query-input":{"@type":"PropertyValueSpecification","valueRequired":true,"valueName":"search_term_string"}}],"inLanguage":"en-GB"},{"@type":"Organization","@id":"https:\/\/geoffroyrenard.com\/#organization","name":"Geoffroy Renard","url":"https:\/\/geoffroyrenard.com\/","logo":{"@type":"ImageObject","inLanguage":"en-GB","@id":"https:\/\/geoffroyrenard.com\/#\/schema\/logo\/image\/","url":"http:\/\/geoffroyrenard.com\/wp-content\/uploads\/2024\/01\/renard-logo.svg","contentUrl":"http:\/\/geoffroyrenard.com\/wp-content\/uploads\/2024\/01\/renard-logo.svg","width":1,"height":1,"caption":"Geoffroy Renard"},"image":{"@id":"https:\/\/geoffroyrenard.com\/#\/schema\/logo\/image\/"},"sameAs":["https:\/\/www.facebook.com\/Geoffroy.Renard.2017","https:\/\/x.com\/geoffroy_renard","https:\/\/www.instagram.com\/geoffroy_renard\/","https:\/\/www.pinterest.fr\/geoffroy_renard\/","https:\/\/www.linkedin.com\/in\/geoffroy-renard-35752980\/"]}]}},"_links":{"self":[{"href":"https:\/\/geoffroyrenard.com\/en\/wp-json\/wp\/v2\/product\/2002","targetHints":{"allow":["GET"]}}],"collection":[{"href":"https:\/\/geoffroyrenard.com\/en\/wp-json\/wp\/v2\/product"}],"about":[{"href":"https:\/\/geoffroyrenard.com\/en\/wp-json\/wp\/v2\/types\/product"}],"wp:featuredmedia":[{"embeddable":true,"href":"https:\/\/geoffroyrenard.com\/en\/wp-json\/wp\/v2\/media\/1972"}],"wp:attachment":[{"href":"https:\/\/geoffroyrenard.com\/en\/wp-json\/wp\/v2\/media?parent=2002"}],"wp:term":[{"taxonomy":"product_brand","embeddable":true,"href":"https:\/\/geoffroyrenard.com\/en\/wp-json\/wp\/v2\/product_brand?post=2002"},{"taxonomy":"product_cat","embeddable":true,"href":"https:\/\/geoffroyrenard.com\/en\/wp-json\/wp\/v2\/product_cat?post=2002"},{"taxonomy":"product_tag","embeddable":true,"href":"https:\/\/geoffroyrenard.com\/en\/wp-json\/wp\/v2\/product_tag?post=2002"}],"curies":[{"name":"wp","href":"https:\/\/api.w.org\/{rel}","templated":true}]}}