{"id":2206,"date":"2025-02-26T21:37:54","date_gmt":"2025-02-26T21:37:54","guid":{"rendered":"http:\/\/geoffroyrenard.com\/?post_type=product&#038;p=2206"},"modified":"2025-02-27T10:12:51","modified_gmt":"2025-02-27T10:12:51","slug":"the-gentlemen-of-deauville-3","status":"publish","type":"product","link":"https:\/\/geoffroyrenard.com\/en\/product\/les-voiles-de-feu\/","title":{"rendered":"THE SAILS OF FIRE"},"content":{"rendered":"<p data-start=\"109\" data-end=\"373\">The poster captures the power of the wind and the indomitable momentum of determination. Carried by fiery hues of orange and red, the sails blaze beneath a stormy sky, contrasting with the raging waves that challenge their trajectory.<\/p>\n<p data-start=\"375\" data-end=\"614\">The tumultuous waves stand as challenges to be overcome, while the sailboats, carried by a breath of perseverance, advance majestically. Each gust becomes a driving force, each storm a passage to new horizons. A vibrant metaphor for resilience and ambition, reminding us that, in the face of headwinds, it is inner strength and audacity that chart the course to success.<\/p>","protected":false},"excerpt":{"rendered":"<p>L\u2019affiche capture la puissance du vent et l\u2019\u00e9lan indomptable de la d\u00e9termination. Port\u00e9es par des teintes ardentes d\u2019orange et de rouge, les voiles s\u2019embrasent sous un ciel tourment\u00e9, contrastant avec les flots d\u00e9cha\u00een\u00e9s qui mettent \u00e0 l\u2019\u00e9preuve leur trajectoire. Les vagues tumultueuses se dressent comme des d\u00e9fis \u00e0 surmonter, tandis que les voiliers, port\u00e9s par [&#8230;]\n","protected":false},"featured_media":2209,"template":"","meta":{"_acf_changed":false},"product_brand":[],"product_cat":[15],"product_tag":[],"class_list":{"0":"post-2206","1":"product","2":"type-product","3":"status-publish","4":"has-post-thumbnail","6":"product_cat-artwork","8":"first","9":"instock","10":"taxable","11":"shipping-taxable","12":"purchasable","13":"product-type-variable","14":"has-default-attributes"},"acf":[],"yoast_head":"<!-- This site is optimized with the Yoast SEO plugin v27.5 - https:\/\/yoast.com\/product\/yoast-seo-wordpress\/ -->\n<title>LES VOILES DE FEU - Geoffroy Renard<\/title>\n<meta name=\"robots\" content=\"index, follow, max-snippet:-1, max-image-preview:large, max-video-preview:-1\" \/>\n<link rel=\"canonical\" href=\"https:\/\/geoffroyrenard.com\/en\/product\/the-gentlemen-of-deauville-3\/\" \/>\n<meta property=\"og:locale\" content=\"en_GB\" \/>\n<meta property=\"og:type\" content=\"article\" \/>\n<meta property=\"og:title\" content=\"LES VOILES DE FEU - Geoffroy Renard\" \/>\n<meta property=\"og:description\" content=\"L\u2019affiche capture la puissance du vent et l\u2019\u00e9lan indomptable de la d\u00e9termination. Port\u00e9es par des teintes ardentes d\u2019orange et de rouge, les voiles s\u2019embrasent sous un ciel tourment\u00e9, contrastant avec les flots d\u00e9cha\u00een\u00e9s qui mettent \u00e0 l\u2019\u00e9preuve leur trajectoire. Les vagues tumultueuses se dressent comme des d\u00e9fis \u00e0 surmonter, tandis que les voiliers, port\u00e9s par [...]\" \/>\n<meta property=\"og:url\" content=\"https:\/\/geoffroyrenard.com\/en\/product\/the-gentlemen-of-deauville-3\/\" \/>\n<meta property=\"og:site_name\" content=\"Geoffroy Renard\" \/>\n<meta property=\"article:publisher\" content=\"https:\/\/www.facebook.com\/Geoffroy.Renard.2017\" \/>\n<meta property=\"article:modified_time\" content=\"2025-02-27T10:12:51+00:00\" \/>\n<meta property=\"og:image\" content=\"https:\/\/geoffroyrenard.com\/wp-content\/uploads\/2025\/02\/VOILES-OUVERTURE.jpg\" \/>\n\t<meta property=\"og:image:width\" content=\"1440\" \/>\n\t<meta property=\"og:image:height\" content=\"1440\" \/>\n\t<meta property=\"og:image:type\" content=\"image\/jpeg\" \/>\n<meta name=\"twitter:card\" content=\"summary_large_image\" \/>\n<meta name=\"twitter:site\" content=\"@geoffroy_renard\" \/>\n<meta name=\"twitter:label1\" content=\"Estimated reading time\" \/>\n\t<meta name=\"twitter:data1\" content=\"1 minute\" \/>\n<script type=\"application\/ld+json\" class=\"yoast-schema-graph\">{\"@context\":\"https:\\\/\\\/schema.org\",\"@graph\":[{\"@type\":\"WebPage\",\"@id\":\"https:\\\/\\\/geoffroyrenard.com\\\/product\\\/les-voiles-de-feu\\\/\",\"url\":\"https:\\\/\\\/geoffroyrenard.com\\\/product\\\/les-voiles-de-feu\\\/\",\"name\":\"LES VOILES DE FEU - Geoffroy Renard\",\"isPartOf\":{\"@id\":\"https:\\\/\\\/geoffroyrenard.com\\\/#website\"},\"primaryImageOfPage\":{\"@id\":\"https:\\\/\\\/geoffroyrenard.com\\\/product\\\/les-voiles-de-feu\\\/#primaryimage\"},\"image\":{\"@id\":\"https:\\\/\\\/geoffroyrenard.com\\\/product\\\/les-voiles-de-feu\\\/#primaryimage\"},\"thumbnailUrl\":\"https:\\\/\\\/geoffroyrenard.com\\\/wp-content\\\/uploads\\\/2025\\\/02\\\/VOILES-OUVERTURE.jpg\",\"datePublished\":\"2025-02-26T21:37:54+00:00\",\"dateModified\":\"2025-02-27T10:12:51+00:00\",\"breadcrumb\":{\"@id\":\"https:\\\/\\\/geoffroyrenard.com\\\/product\\\/les-voiles-de-feu\\\/#breadcrumb\"},\"inLanguage\":\"en-GB\",\"potentialAction\":[{\"@type\":\"ReadAction\",\"target\":[\"https:\\\/\\\/geoffroyrenard.com\\\/product\\\/les-voiles-de-feu\\\/\"]}]},{\"@type\":\"ImageObject\",\"inLanguage\":\"en-GB\",\"@id\":\"https:\\\/\\\/geoffroyrenard.com\\\/product\\\/les-voiles-de-feu\\\/#primaryimage\",\"url\":\"https:\\\/\\\/geoffroyrenard.com\\\/wp-content\\\/uploads\\\/2025\\\/02\\\/VOILES-OUVERTURE.jpg\",\"contentUrl\":\"https:\\\/\\\/geoffroyrenard.com\\\/wp-content\\\/uploads\\\/2025\\\/02\\\/VOILES-OUVERTURE.jpg\",\"width\":1440,\"height\":1440,\"caption\":\"Voiles Ouverture\"},{\"@type\":\"BreadcrumbList\",\"@id\":\"https:\\\/\\\/geoffroyrenard.com\\\/product\\\/les-voiles-de-feu\\\/#breadcrumb\",\"itemListElement\":[{\"@type\":\"ListItem\",\"position\":1,\"name\":\"Accueil\",\"item\":\"https:\\\/\\\/geoffroyrenard.com\\\/\"},{\"@type\":\"ListItem\",\"position\":2,\"name\":\"Shop\",\"item\":\"https:\\\/\\\/geoffroyrenard.com\\\/shop\\\/\"},{\"@type\":\"ListItem\",\"position\":3,\"name\":\"LES VOILES DE FEU\"}]},{\"@type\":\"WebSite\",\"@id\":\"https:\\\/\\\/geoffroyrenard.com\\\/#website\",\"url\":\"https:\\\/\\\/geoffroyrenard.com\\\/\",\"name\":\"Geoffroy Renard\",\"description\":\"Le charme des \u00e9poques pass\u00e9es aux lignes graphiques contemporaines\",\"publisher\":{\"@id\":\"https:\\\/\\\/geoffroyrenard.com\\\/#organization\"},\"potentialAction\":[{\"@type\":\"SearchAction\",\"target\":{\"@type\":\"EntryPoint\",\"urlTemplate\":\"https:\\\/\\\/geoffroyrenard.com\\\/?s={search_term_string}\"},\"query-input\":{\"@type\":\"PropertyValueSpecification\",\"valueRequired\":true,\"valueName\":\"search_term_string\"}}],\"inLanguage\":\"en-GB\"},{\"@type\":\"Organization\",\"@id\":\"https:\\\/\\\/geoffroyrenard.com\\\/#organization\",\"name\":\"Geoffroy Renard\",\"url\":\"https:\\\/\\\/geoffroyrenard.com\\\/\",\"logo\":{\"@type\":\"ImageObject\",\"inLanguage\":\"en-GB\",\"@id\":\"https:\\\/\\\/geoffroyrenard.com\\\/#\\\/schema\\\/logo\\\/image\\\/\",\"url\":\"http:\\\/\\\/geoffroyrenard.com\\\/wp-content\\\/uploads\\\/2024\\\/01\\\/renard-logo.svg\",\"contentUrl\":\"http:\\\/\\\/geoffroyrenard.com\\\/wp-content\\\/uploads\\\/2024\\\/01\\\/renard-logo.svg\",\"width\":1,\"height\":1,\"caption\":\"Geoffroy Renard\"},\"image\":{\"@id\":\"https:\\\/\\\/geoffroyrenard.com\\\/#\\\/schema\\\/logo\\\/image\\\/\"},\"sameAs\":[\"https:\\\/\\\/www.facebook.com\\\/Geoffroy.Renard.2017\",\"https:\\\/\\\/x.com\\\/geoffroy_renard\",\"https:\\\/\\\/www.instagram.com\\\/geoffroy_renard\\\/\",\"https:\\\/\\\/www.pinterest.fr\\\/geoffroy_renard\\\/\",\"https:\\\/\\\/www.linkedin.com\\\/in\\\/geoffroy-renard-35752980\\\/\"]}]}<\/script>\n<!-- \/ Yoast SEO plugin. -->","yoast_head_json":{"title":"THE VEILS OF FIRE - Geoffroy Renard","robots":{"index":"index","follow":"follow","max-snippet":"max-snippet:-1","max-image-preview":"max-image-preview:large","max-video-preview":"max-video-preview:-1"},"canonical":"https:\/\/geoffroyrenard.com\/en\/product\/the-gentlemen-of-deauville-3\/","og_locale":"en_GB","og_type":"article","og_title":"LES VOILES DE FEU - Geoffroy Renard","og_description":"L\u2019affiche capture la puissance du vent et l\u2019\u00e9lan indomptable de la d\u00e9termination. Port\u00e9es par des teintes ardentes d\u2019orange et de rouge, les voiles s\u2019embrasent sous un ciel tourment\u00e9, contrastant avec les flots d\u00e9cha\u00een\u00e9s qui mettent \u00e0 l\u2019\u00e9preuve leur trajectoire. Les vagues tumultueuses se dressent comme des d\u00e9fis \u00e0 surmonter, tandis que les voiliers, port\u00e9s par [...]","og_url":"https:\/\/geoffroyrenard.com\/en\/product\/the-gentlemen-of-deauville-3\/","og_site_name":"Geoffroy Renard","article_publisher":"https:\/\/www.facebook.com\/Geoffroy.Renard.2017","article_modified_time":"2025-02-27T10:12:51+00:00","og_image":[{"width":1440,"height":1440,"url":"https:\/\/geoffroyrenard.com\/wp-content\/uploads\/2025\/02\/VOILES-OUVERTURE.jpg","type":"image\/jpeg"}],"twitter_card":"summary_large_image","twitter_site":"@geoffroy_renard","twitter_misc":{"Estimated reading time":"1 minute"},"schema":{"@context":"https:\/\/schema.org","@graph":[{"@type":"WebPage","@id":"https:\/\/geoffroyrenard.com\/product\/les-voiles-de-feu\/","url":"https:\/\/geoffroyrenard.com\/product\/les-voiles-de-feu\/","name":"THE VEILS OF FIRE - Geoffroy Renard","isPartOf":{"@id":"https:\/\/geoffroyrenard.com\/#website"},"primaryImageOfPage":{"@id":"https:\/\/geoffroyrenard.com\/product\/les-voiles-de-feu\/#primaryimage"},"image":{"@id":"https:\/\/geoffroyrenard.com\/product\/les-voiles-de-feu\/#primaryimage"},"thumbnailUrl":"https:\/\/geoffroyrenard.com\/wp-content\/uploads\/2025\/02\/VOILES-OUVERTURE.jpg","datePublished":"2025-02-26T21:37:54+00:00","dateModified":"2025-02-27T10:12:51+00:00","breadcrumb":{"@id":"https:\/\/geoffroyrenard.com\/product\/les-voiles-de-feu\/#breadcrumb"},"inLanguage":"en-GB","potentialAction":[{"@type":"ReadAction","target":["https:\/\/geoffroyrenard.com\/product\/les-voiles-de-feu\/"]}]},{"@type":"ImageObject","inLanguage":"en-GB","@id":"https:\/\/geoffroyrenard.com\/product\/les-voiles-de-feu\/#primaryimage","url":"https:\/\/geoffroyrenard.com\/wp-content\/uploads\/2025\/02\/VOILES-OUVERTURE.jpg","contentUrl":"https:\/\/geoffroyrenard.com\/wp-content\/uploads\/2025\/02\/VOILES-OUVERTURE.jpg","width":1440,"height":1440,"caption":"Voiles Ouverture"},{"@type":"BreadcrumbList","@id":"https:\/\/geoffroyrenard.com\/product\/les-voiles-de-feu\/#breadcrumb","itemListElement":[{"@type":"ListItem","position":1,"name":"Accueil","item":"https:\/\/geoffroyrenard.com\/"},{"@type":"ListItem","position":2,"name":"Shop","item":"https:\/\/geoffroyrenard.com\/shop\/"},{"@type":"ListItem","position":3,"name":"LES VOILES DE FEU"}]},{"@type":"WebSite","@id":"https:\/\/geoffroyrenard.com\/#website","url":"https:\/\/geoffroyrenard.com\/","name":"Geoffroy Renard","description":"The charm of past eras with contemporary graphic lines","publisher":{"@id":"https:\/\/geoffroyrenard.com\/#organization"},"potentialAction":[{"@type":"SearchAction","target":{"@type":"EntryPoint","urlTemplate":"https:\/\/geoffroyrenard.com\/?s={search_term_string}"},"query-input":{"@type":"PropertyValueSpecification","valueRequired":true,"valueName":"search_term_string"}}],"inLanguage":"en-GB"},{"@type":"Organization","@id":"https:\/\/geoffroyrenard.com\/#organization","name":"Geoffroy Renard","url":"https:\/\/geoffroyrenard.com\/","logo":{"@type":"ImageObject","inLanguage":"en-GB","@id":"https:\/\/geoffroyrenard.com\/#\/schema\/logo\/image\/","url":"http:\/\/geoffroyrenard.com\/wp-content\/uploads\/2024\/01\/renard-logo.svg","contentUrl":"http:\/\/geoffroyrenard.com\/wp-content\/uploads\/2024\/01\/renard-logo.svg","width":1,"height":1,"caption":"Geoffroy Renard"},"image":{"@id":"https:\/\/geoffroyrenard.com\/#\/schema\/logo\/image\/"},"sameAs":["https:\/\/www.facebook.com\/Geoffroy.Renard.2017","https:\/\/x.com\/geoffroy_renard","https:\/\/www.instagram.com\/geoffroy_renard\/","https:\/\/www.pinterest.fr\/geoffroy_renard\/","https:\/\/www.linkedin.com\/in\/geoffroy-renard-35752980\/"]}]}},"_links":{"self":[{"href":"https:\/\/geoffroyrenard.com\/en\/wp-json\/wp\/v2\/product\/2206","targetHints":{"allow":["GET"]}}],"collection":[{"href":"https:\/\/geoffroyrenard.com\/en\/wp-json\/wp\/v2\/product"}],"about":[{"href":"https:\/\/geoffroyrenard.com\/en\/wp-json\/wp\/v2\/types\/product"}],"wp:featuredmedia":[{"embeddable":true,"href":"https:\/\/geoffroyrenard.com\/en\/wp-json\/wp\/v2\/media\/2209"}],"wp:attachment":[{"href":"https:\/\/geoffroyrenard.com\/en\/wp-json\/wp\/v2\/media?parent=2206"}],"wp:term":[{"taxonomy":"product_brand","embeddable":true,"href":"https:\/\/geoffroyrenard.com\/en\/wp-json\/wp\/v2\/product_brand?post=2206"},{"taxonomy":"product_cat","embeddable":true,"href":"https:\/\/geoffroyrenard.com\/en\/wp-json\/wp\/v2\/product_cat?post=2206"},{"taxonomy":"product_tag","embeddable":true,"href":"https:\/\/geoffroyrenard.com\/en\/wp-json\/wp\/v2\/product_tag?post=2206"}],"curies":[{"name":"wp","href":"https:\/\/api.w.org\/{rel}","templated":true}]}}