{"id":664,"date":"2024-01-30T09:46:30","date_gmt":"2024-01-30T09:46:30","guid":{"rendered":"http:\/\/geoffroyrenard.com\/?post_type=product&#038;p=664"},"modified":"2025-02-26T17:06:40","modified_gmt":"2025-02-26T17:06:40","slug":"the-flower-market","status":"publish","type":"product","link":"https:\/\/geoffroyrenard.com\/en\/product\/le-marche-aux-fleurs\/","title":{"rendered":"THE FLOWER MARKET"},"content":{"rendered":"<p>In this vibrant painting, an elegant silhouette embodies the daring spirit of the 60s, like Brigitte Bardot. At the heart of the \u201cQueen Elisabeth II Flower Market\u201d, feminine liberation manifests itself in an explosion of colors and perfumes, reflecting the flourishing creativity of the time.<\/p>\n<p>The stylized curves capture the joyful energy of the market. This poster, a true time capsule, celebrates the timeless fusion of the spirit of the 60s and floral richness.<\/p>","protected":false},"excerpt":{"rendered":"<p>Dans ce tableau vibrant, une silhouette \u00e9l\u00e9gante incarne l&rsquo;esprit audacieux des ann\u00e9es 60, \u00e0 l&rsquo;image de Brigitte Bardot. Au c\u0153ur du \u00ab March\u00e9 aux Fleurs Reine Elisabeth II \u00bb, la lib\u00e9ration f\u00e9minine se manifeste dans une explosion de couleurs et de parfums, refl\u00e9tant la cr\u00e9ativit\u00e9 florissante de l&rsquo;\u00e9poque. Les courbes stylis\u00e9es captent l&rsquo;\u00e9nergie joyeuse du [&#8230;]\n","protected":false},"featured_media":658,"template":"","meta":{"_acf_changed":false},"product_brand":[],"product_cat":[15],"product_tag":[],"class_list":{"0":"post-664","1":"product","2":"type-product","3":"status-publish","4":"has-post-thumbnail","6":"product_cat-artwork","8":"first","9":"instock","10":"taxable","11":"shipping-taxable","12":"purchasable","13":"product-type-variable","14":"has-default-attributes"},"acf":[],"yoast_head":"<!-- This site is optimized with the Yoast SEO plugin v27.5 - https:\/\/yoast.com\/product\/yoast-seo-wordpress\/ -->\n<title>LE MARCH\u00c9 AUX FLEURS - Geoffroy Renard<\/title>\n<meta name=\"robots\" content=\"index, follow, max-snippet:-1, max-image-preview:large, max-video-preview:-1\" \/>\n<link rel=\"canonical\" href=\"https:\/\/geoffroyrenard.com\/en\/product\/the-flower-market\/\" \/>\n<meta property=\"og:locale\" content=\"en_GB\" \/>\n<meta property=\"og:type\" content=\"article\" \/>\n<meta property=\"og:title\" content=\"LE MARCH\u00c9 AUX FLEURS - Geoffroy Renard\" \/>\n<meta property=\"og:description\" content=\"Dans ce tableau vibrant, une silhouette \u00e9l\u00e9gante incarne l&rsquo;esprit audacieux des ann\u00e9es 60, \u00e0 l&rsquo;image de Brigitte Bardot. Au c\u0153ur du \u00ab March\u00e9 aux Fleurs Reine Elisabeth II \u00bb, la lib\u00e9ration f\u00e9minine se manifeste dans une explosion de couleurs et de parfums, refl\u00e9tant la cr\u00e9ativit\u00e9 florissante de l&rsquo;\u00e9poque. Les courbes stylis\u00e9es captent l&rsquo;\u00e9nergie joyeuse du [...]\" \/>\n<meta property=\"og:url\" content=\"https:\/\/geoffroyrenard.com\/en\/product\/the-flower-market\/\" \/>\n<meta property=\"og:site_name\" content=\"Geoffroy Renard\" \/>\n<meta property=\"article:publisher\" content=\"https:\/\/www.facebook.com\/Geoffroy.Renard.2017\" \/>\n<meta property=\"article:modified_time\" content=\"2025-02-26T17:06:40+00:00\" \/>\n<meta property=\"og:image\" content=\"https:\/\/geoffroyrenard.com\/wp-content\/uploads\/2024\/01\/IMAGE-AUX-FLEURS.jpg\" \/>\n\t<meta property=\"og:image:width\" content=\"1440\" \/>\n\t<meta property=\"og:image:height\" content=\"1440\" \/>\n\t<meta property=\"og:image:type\" content=\"image\/jpeg\" \/>\n<meta name=\"twitter:card\" content=\"summary_large_image\" \/>\n<meta name=\"twitter:site\" content=\"@geoffroy_renard\" \/>\n<meta name=\"twitter:label1\" content=\"Estimated reading time\" \/>\n\t<meta name=\"twitter:data1\" content=\"1 minute\" \/>\n<script type=\"application\/ld+json\" class=\"yoast-schema-graph\">{\"@context\":\"https:\\\/\\\/schema.org\",\"@graph\":[{\"@type\":\"WebPage\",\"@id\":\"https:\\\/\\\/geoffroyrenard.com\\\/product\\\/le-marche-aux-fleurs\\\/\",\"url\":\"https:\\\/\\\/geoffroyrenard.com\\\/product\\\/le-marche-aux-fleurs\\\/\",\"name\":\"LE MARCH\u00c9 AUX FLEURS - Geoffroy Renard\",\"isPartOf\":{\"@id\":\"https:\\\/\\\/geoffroyrenard.com\\\/#website\"},\"primaryImageOfPage\":{\"@id\":\"https:\\\/\\\/geoffroyrenard.com\\\/product\\\/le-marche-aux-fleurs\\\/#primaryimage\"},\"image\":{\"@id\":\"https:\\\/\\\/geoffroyrenard.com\\\/product\\\/le-marche-aux-fleurs\\\/#primaryimage\"},\"thumbnailUrl\":\"https:\\\/\\\/geoffroyrenard.com\\\/wp-content\\\/uploads\\\/2024\\\/01\\\/IMAGE-AUX-FLEURS.jpg\",\"datePublished\":\"2024-01-30T09:46:30+00:00\",\"dateModified\":\"2025-02-26T17:06:40+00:00\",\"breadcrumb\":{\"@id\":\"https:\\\/\\\/geoffroyrenard.com\\\/product\\\/le-marche-aux-fleurs\\\/#breadcrumb\"},\"inLanguage\":\"en-GB\",\"potentialAction\":[{\"@type\":\"ReadAction\",\"target\":[\"https:\\\/\\\/geoffroyrenard.com\\\/product\\\/le-marche-aux-fleurs\\\/\"]}]},{\"@type\":\"ImageObject\",\"inLanguage\":\"en-GB\",\"@id\":\"https:\\\/\\\/geoffroyrenard.com\\\/product\\\/le-marche-aux-fleurs\\\/#primaryimage\",\"url\":\"https:\\\/\\\/geoffroyrenard.com\\\/wp-content\\\/uploads\\\/2024\\\/01\\\/IMAGE-AUX-FLEURS.jpg\",\"contentUrl\":\"https:\\\/\\\/geoffroyrenard.com\\\/wp-content\\\/uploads\\\/2024\\\/01\\\/IMAGE-AUX-FLEURS.jpg\",\"width\":1440,\"height\":1440,\"caption\":\"Image Aux Fleurs\"},{\"@type\":\"BreadcrumbList\",\"@id\":\"https:\\\/\\\/geoffroyrenard.com\\\/product\\\/le-marche-aux-fleurs\\\/#breadcrumb\",\"itemListElement\":[{\"@type\":\"ListItem\",\"position\":1,\"name\":\"Accueil\",\"item\":\"https:\\\/\\\/geoffroyrenard.com\\\/\"},{\"@type\":\"ListItem\",\"position\":2,\"name\":\"Shop\",\"item\":\"https:\\\/\\\/geoffroyrenard.com\\\/shop\\\/\"},{\"@type\":\"ListItem\",\"position\":3,\"name\":\"LE MARCH\u00c9 AUX FLEURS\"}]},{\"@type\":\"WebSite\",\"@id\":\"https:\\\/\\\/geoffroyrenard.com\\\/#website\",\"url\":\"https:\\\/\\\/geoffroyrenard.com\\\/\",\"name\":\"Geoffroy Renard\",\"description\":\"Le charme des \u00e9poques pass\u00e9es aux lignes graphiques contemporaines\",\"publisher\":{\"@id\":\"https:\\\/\\\/geoffroyrenard.com\\\/#organization\"},\"potentialAction\":[{\"@type\":\"SearchAction\",\"target\":{\"@type\":\"EntryPoint\",\"urlTemplate\":\"https:\\\/\\\/geoffroyrenard.com\\\/?s={search_term_string}\"},\"query-input\":{\"@type\":\"PropertyValueSpecification\",\"valueRequired\":true,\"valueName\":\"search_term_string\"}}],\"inLanguage\":\"en-GB\"},{\"@type\":\"Organization\",\"@id\":\"https:\\\/\\\/geoffroyrenard.com\\\/#organization\",\"name\":\"Geoffroy Renard\",\"url\":\"https:\\\/\\\/geoffroyrenard.com\\\/\",\"logo\":{\"@type\":\"ImageObject\",\"inLanguage\":\"en-GB\",\"@id\":\"https:\\\/\\\/geoffroyrenard.com\\\/#\\\/schema\\\/logo\\\/image\\\/\",\"url\":\"http:\\\/\\\/geoffroyrenard.com\\\/wp-content\\\/uploads\\\/2024\\\/01\\\/renard-logo.svg\",\"contentUrl\":\"http:\\\/\\\/geoffroyrenard.com\\\/wp-content\\\/uploads\\\/2024\\\/01\\\/renard-logo.svg\",\"width\":1,\"height\":1,\"caption\":\"Geoffroy Renard\"},\"image\":{\"@id\":\"https:\\\/\\\/geoffroyrenard.com\\\/#\\\/schema\\\/logo\\\/image\\\/\"},\"sameAs\":[\"https:\\\/\\\/www.facebook.com\\\/Geoffroy.Renard.2017\",\"https:\\\/\\\/x.com\\\/geoffroy_renard\",\"https:\\\/\\\/www.instagram.com\\\/geoffroy_renard\\\/\",\"https:\\\/\\\/www.pinterest.fr\\\/geoffroy_renard\\\/\",\"https:\\\/\\\/www.linkedin.com\\\/in\\\/geoffroy-renard-35752980\\\/\"]}]}<\/script>\n<!-- \/ Yoast SEO plugin. -->","yoast_head_json":{"title":"THE FLOWER MARKET - Geoffroy Renard","robots":{"index":"index","follow":"follow","max-snippet":"max-snippet:-1","max-image-preview":"max-image-preview:large","max-video-preview":"max-video-preview:-1"},"canonical":"https:\/\/geoffroyrenard.com\/en\/product\/the-flower-market\/","og_locale":"en_GB","og_type":"article","og_title":"LE MARCH\u00c9 AUX FLEURS - Geoffroy Renard","og_description":"Dans ce tableau vibrant, une silhouette \u00e9l\u00e9gante incarne l&rsquo;esprit audacieux des ann\u00e9es 60, \u00e0 l&rsquo;image de Brigitte Bardot. Au c\u0153ur du \u00ab March\u00e9 aux Fleurs Reine Elisabeth II \u00bb, la lib\u00e9ration f\u00e9minine se manifeste dans une explosion de couleurs et de parfums, refl\u00e9tant la cr\u00e9ativit\u00e9 florissante de l&rsquo;\u00e9poque. Les courbes stylis\u00e9es captent l&rsquo;\u00e9nergie joyeuse du [...]","og_url":"https:\/\/geoffroyrenard.com\/en\/product\/the-flower-market\/","og_site_name":"Geoffroy Renard","article_publisher":"https:\/\/www.facebook.com\/Geoffroy.Renard.2017","article_modified_time":"2025-02-26T17:06:40+00:00","og_image":[{"width":1440,"height":1440,"url":"https:\/\/geoffroyrenard.com\/wp-content\/uploads\/2024\/01\/IMAGE-AUX-FLEURS.jpg","type":"image\/jpeg"}],"twitter_card":"summary_large_image","twitter_site":"@geoffroy_renard","twitter_misc":{"Estimated reading time":"1 minute"},"schema":{"@context":"https:\/\/schema.org","@graph":[{"@type":"WebPage","@id":"https:\/\/geoffroyrenard.com\/product\/le-marche-aux-fleurs\/","url":"https:\/\/geoffroyrenard.com\/product\/le-marche-aux-fleurs\/","name":"THE FLOWER MARKET - Geoffroy Renard","isPartOf":{"@id":"https:\/\/geoffroyrenard.com\/#website"},"primaryImageOfPage":{"@id":"https:\/\/geoffroyrenard.com\/product\/le-marche-aux-fleurs\/#primaryimage"},"image":{"@id":"https:\/\/geoffroyrenard.com\/product\/le-marche-aux-fleurs\/#primaryimage"},"thumbnailUrl":"https:\/\/geoffroyrenard.com\/wp-content\/uploads\/2024\/01\/IMAGE-AUX-FLEURS.jpg","datePublished":"2024-01-30T09:46:30+00:00","dateModified":"2025-02-26T17:06:40+00:00","breadcrumb":{"@id":"https:\/\/geoffroyrenard.com\/product\/le-marche-aux-fleurs\/#breadcrumb"},"inLanguage":"en-GB","potentialAction":[{"@type":"ReadAction","target":["https:\/\/geoffroyrenard.com\/product\/le-marche-aux-fleurs\/"]}]},{"@type":"ImageObject","inLanguage":"en-GB","@id":"https:\/\/geoffroyrenard.com\/product\/le-marche-aux-fleurs\/#primaryimage","url":"https:\/\/geoffroyrenard.com\/wp-content\/uploads\/2024\/01\/IMAGE-AUX-FLEURS.jpg","contentUrl":"https:\/\/geoffroyrenard.com\/wp-content\/uploads\/2024\/01\/IMAGE-AUX-FLEURS.jpg","width":1440,"height":1440,"caption":"Image Aux Fleurs"},{"@type":"BreadcrumbList","@id":"https:\/\/geoffroyrenard.com\/product\/le-marche-aux-fleurs\/#breadcrumb","itemListElement":[{"@type":"ListItem","position":1,"name":"Accueil","item":"https:\/\/geoffroyrenard.com\/"},{"@type":"ListItem","position":2,"name":"Shop","item":"https:\/\/geoffroyrenard.com\/shop\/"},{"@type":"ListItem","position":3,"name":"LE MARCH\u00c9 AUX FLEURS"}]},{"@type":"WebSite","@id":"https:\/\/geoffroyrenard.com\/#website","url":"https:\/\/geoffroyrenard.com\/","name":"Geoffroy Renard","description":"The charm of past eras with contemporary graphic lines","publisher":{"@id":"https:\/\/geoffroyrenard.com\/#organization"},"potentialAction":[{"@type":"SearchAction","target":{"@type":"EntryPoint","urlTemplate":"https:\/\/geoffroyrenard.com\/?s={search_term_string}"},"query-input":{"@type":"PropertyValueSpecification","valueRequired":true,"valueName":"search_term_string"}}],"inLanguage":"en-GB"},{"@type":"Organization","@id":"https:\/\/geoffroyrenard.com\/#organization","name":"Geoffroy Renard","url":"https:\/\/geoffroyrenard.com\/","logo":{"@type":"ImageObject","inLanguage":"en-GB","@id":"https:\/\/geoffroyrenard.com\/#\/schema\/logo\/image\/","url":"http:\/\/geoffroyrenard.com\/wp-content\/uploads\/2024\/01\/renard-logo.svg","contentUrl":"http:\/\/geoffroyrenard.com\/wp-content\/uploads\/2024\/01\/renard-logo.svg","width":1,"height":1,"caption":"Geoffroy Renard"},"image":{"@id":"https:\/\/geoffroyrenard.com\/#\/schema\/logo\/image\/"},"sameAs":["https:\/\/www.facebook.com\/Geoffroy.Renard.2017","https:\/\/x.com\/geoffroy_renard","https:\/\/www.instagram.com\/geoffroy_renard\/","https:\/\/www.pinterest.fr\/geoffroy_renard\/","https:\/\/www.linkedin.com\/in\/geoffroy-renard-35752980\/"]}]}},"_links":{"self":[{"href":"https:\/\/geoffroyrenard.com\/en\/wp-json\/wp\/v2\/product\/664","targetHints":{"allow":["GET"]}}],"collection":[{"href":"https:\/\/geoffroyrenard.com\/en\/wp-json\/wp\/v2\/product"}],"about":[{"href":"https:\/\/geoffroyrenard.com\/en\/wp-json\/wp\/v2\/types\/product"}],"wp:featuredmedia":[{"embeddable":true,"href":"https:\/\/geoffroyrenard.com\/en\/wp-json\/wp\/v2\/media\/658"}],"wp:attachment":[{"href":"https:\/\/geoffroyrenard.com\/en\/wp-json\/wp\/v2\/media?parent=664"}],"wp:term":[{"taxonomy":"product_brand","embeddable":true,"href":"https:\/\/geoffroyrenard.com\/en\/wp-json\/wp\/v2\/product_brand?post=664"},{"taxonomy":"product_cat","embeddable":true,"href":"https:\/\/geoffroyrenard.com\/en\/wp-json\/wp\/v2\/product_cat?post=664"},{"taxonomy":"product_tag","embeddable":true,"href":"https:\/\/geoffroyrenard.com\/en\/wp-json\/wp\/v2\/product_tag?post=664"}],"curies":[{"name":"wp","href":"https:\/\/api.w.org\/{rel}","templated":true}]}}